{"id":61,"date":"2025-08-28T12:21:18","date_gmt":"2025-08-28T12:21:18","guid":{"rendered":"https:\/\/fsv-ottenbach.ch\/wordpress\/?page_id=61"},"modified":"2025-11-04T17:04:50","modified_gmt":"2025-11-04T17:04:50","slug":"start","status":"publish","type":"page","link":"https:\/\/fsv-ottenbach.ch\/wordpress\/index.php\/start\/","title":{"rendered":"Aktuell"},"content":{"rendered":"\t\t<div data-elementor-type=\"wp-page\" data-elementor-id=\"61\" class=\"elementor elementor-61\">\n\t\t\t\t<div class=\"elementor-element elementor-element-7bb0461 e-flex e-con-boxed e-con e-parent\" data-id=\"7bb0461\" data-element_type=\"container\">\n\t\t\t\t\t<div class=\"e-con-inner\">\n\t\t\t\t<div class=\"elementor-element elementor-element-172a4d0 elementor-widget elementor-widget-text-editor\" data-id=\"172a4d0\" data-element_type=\"widget\" data-widget_type=\"text-editor.default\">\n\t\t\t\t<div class=\"elementor-widget-container\">\n\t\t\t\t\t\t\t\t\t<p>Aktuell befinden wir uns in der Winterpause.<\/p><p>Es standen dennoch ein paar Herbstarbeiten an.<\/p><ul><li>Grossreinigung des Sch\u00fctzenhauses und der Sch\u00fctzenstube<\/li><li>Ersatz der Holzk\u00e4sten beim Kugelfang<\/li><\/ul>\t\t\t\t\t\t\t\t<\/div>\n\t\t\t\t<\/div>\n\t\t\t\t\t<\/div>\n\t\t\t\t<\/div>\n\t\t<div class=\"elementor-element elementor-element-b05c7ea e-flex e-con-boxed e-con e-parent\" data-id=\"b05c7ea\" data-element_type=\"container\">\n\t\t\t\t\t<div class=\"e-con-inner\">\n\t\t\t\t<div class=\"elementor-element elementor-element-a300472 elementor-widget elementor-widget-image\" data-id=\"a300472\" data-element_type=\"widget\" data-widget_type=\"image.default\">\n\t\t\t\t<div class=\"elementor-widget-container\">\n\t\t\t\t\t\t\t\t\t\t\t\t\t\t\t<img fetchpriority=\"high\" decoding=\"async\" width=\"1024\" height=\"577\" src=\"https:\/\/fsv-ottenbach.ch\/wordpress\/wp-content\/uploads\/2025\/11\/20251101_124351-1024x577.jpg\" class=\"attachment-large size-large wp-image-453\" alt=\"\" srcset=\"https:\/\/fsv-ottenbach.ch\/wordpress\/wp-content\/uploads\/2025\/11\/20251101_124351-1024x577.jpg 1024w, https:\/\/fsv-ottenbach.ch\/wordpress\/wp-content\/uploads\/2025\/11\/20251101_124351-300x169.jpg 300w, https:\/\/fsv-ottenbach.ch\/wordpress\/wp-content\/uploads\/2025\/11\/20251101_124351-768x432.jpg 768w, https:\/\/fsv-ottenbach.ch\/wordpress\/wp-content\/uploads\/2025\/11\/20251101_124351-1536x865.jpg 1536w, https:\/\/fsv-ottenbach.ch\/wordpress\/wp-content\/uploads\/2025\/11\/20251101_124351-2048x1153.jpg 2048w\" sizes=\"(max-width: 1024px) 100vw, 1024px\" \/>\t\t\t\t\t\t\t\t\t\t\t\t\t\t\t<\/div>\n\t\t\t\t<\/div>\n\t\t\t\t<div class=\"elementor-element elementor-element-86d4904 elementor-widget elementor-widget-image\" data-id=\"86d4904\" data-element_type=\"widget\" data-widget_type=\"image.default\">\n\t\t\t\t<div class=\"elementor-widget-container\">\n\t\t\t\t\t\t\t\t\t\t\t\t\t\t\t<img decoding=\"async\" width=\"1024\" height=\"577\" src=\"https:\/\/fsv-ottenbach.ch\/wordpress\/wp-content\/uploads\/2025\/11\/20251104_170832-1024x577.jpg\" class=\"attachment-large size-large wp-image-454\" alt=\"\" srcset=\"https:\/\/fsv-ottenbach.ch\/wordpress\/wp-content\/uploads\/2025\/11\/20251104_170832-1024x577.jpg 1024w, https:\/\/fsv-ottenbach.ch\/wordpress\/wp-content\/uploads\/2025\/11\/20251104_170832-300x169.jpg 300w, https:\/\/fsv-ottenbach.ch\/wordpress\/wp-content\/uploads\/2025\/11\/20251104_170832-768x432.jpg 768w, https:\/\/fsv-ottenbach.ch\/wordpress\/wp-content\/uploads\/2025\/11\/20251104_170832-1536x865.jpg 1536w, https:\/\/fsv-ottenbach.ch\/wordpress\/wp-content\/uploads\/2025\/11\/20251104_170832-2048x1153.jpg 2048w\" sizes=\"(max-width: 1024px) 100vw, 1024px\" \/>\t\t\t\t\t\t\t\t\t\t\t\t\t\t\t<\/div>\n\t\t\t\t<\/div>\n\t\t\t\t\t<\/div>\n\t\t\t\t<\/div>\n\t\t<div class=\"elementor-element elementor-element-00d5c93 e-flex e-con-boxed e-con e-parent\" data-id=\"00d5c93\" data-element_type=\"container\">\n\t\t\t\t\t<div class=\"e-con-inner\">\n\t\t\t\t<div class=\"elementor-element elementor-element-7f64c6b elementor-widget elementor-widget-image\" data-id=\"7f64c6b\" data-element_type=\"widget\" data-widget_type=\"image.default\">\n\t\t\t\t<div class=\"elementor-widget-container\">\n\t\t\t\t\t\t\t\t\t\t\t\t\t\t\t<img decoding=\"async\" width=\"1024\" height=\"577\" src=\"https:\/\/fsv-ottenbach.ch\/wordpress\/wp-content\/uploads\/2025\/11\/20251104_171509-1024x577.jpg\" class=\"attachment-large size-large wp-image-455\" alt=\"\" srcset=\"https:\/\/fsv-ottenbach.ch\/wordpress\/wp-content\/uploads\/2025\/11\/20251104_171509-1024x577.jpg 1024w, https:\/\/fsv-ottenbach.ch\/wordpress\/wp-content\/uploads\/2025\/11\/20251104_171509-300x169.jpg 300w, https:\/\/fsv-ottenbach.ch\/wordpress\/wp-content\/uploads\/2025\/11\/20251104_171509-768x432.jpg 768w, https:\/\/fsv-ottenbach.ch\/wordpress\/wp-content\/uploads\/2025\/11\/20251104_171509-1536x865.jpg 1536w, https:\/\/fsv-ottenbach.ch\/wordpress\/wp-content\/uploads\/2025\/11\/20251104_171509-2048x1153.jpg 2048w\" sizes=\"(max-width: 1024px) 100vw, 1024px\" \/>\t\t\t\t\t\t\t\t\t\t\t\t\t\t\t<\/div>\n\t\t\t\t<\/div>\n\t\t\t\t\t<\/div>\n\t\t\t\t<\/div>\n\t\t\t\t<\/div>\n\t\t","protected":false},"excerpt":{"rendered":"<p>Aktuell befinden wir uns in der Winterpause. Es standen dennoch ein paar Herbstarbeiten an. Grossreinigung des Sch\u00fctzenhauses und der Sch\u00fctzenstube Ersatz der Holzk\u00e4sten beim Kugelfang<\/p>\n","protected":false},"author":2,"featured_media":0,"parent":0,"menu_order":0,"comment_status":"closed","ping_status":"closed","template":"","meta":{"footnotes":""},"class_list":["post-61","page","type-page","status-publish","hentry","entry"],"yoast_head":"<!-- This site is optimized with the Yoast SEO plugin v25.8 - https:\/\/yoast.com\/wordpress\/plugins\/seo\/ -->\n<title>Aktuell - Feldsch\u00fctzenverein Ottenbach<\/title>\n<meta name=\"robots\" content=\"index, follow, max-snippet:-1, max-image-preview:large, max-video-preview:-1\" \/>\n<link rel=\"canonical\" href=\"https:\/\/fsv-ottenbach.ch\/wordpress\/index.php\/start\/\" \/>\n<meta property=\"og:locale\" content=\"de_DE\" \/>\n<meta property=\"og:type\" content=\"article\" \/>\n<meta property=\"og:title\" content=\"Aktuell - Feldsch\u00fctzenverein Ottenbach\" \/>\n<meta property=\"og:url\" content=\"https:\/\/fsv-ottenbach.ch\/wordpress\/index.php\/start\/\" \/>\n<meta property=\"og:site_name\" content=\"Feldsch\u00fctzenverein Ottenbach\" \/>\n<meta property=\"article:modified_time\" content=\"2025-11-04T17:04:50+00:00\" \/>\n<meta property=\"og:image\" content=\"https:\/\/fsv-ottenbach.ch\/wordpress\/wp-content\/uploads\/2025\/11\/20251101_124351-scaled.jpg\" \/>\n\t<meta property=\"og:image:width\" content=\"2560\" \/>\n\t<meta property=\"og:image:height\" content=\"1442\" \/>\n\t<meta property=\"og:image:type\" content=\"image\/jpeg\" \/>\n<meta name=\"twitter:card\" content=\"summary_large_image\" \/>\n<meta name=\"twitter:label1\" content=\"Gesch\u00e4tzte Lesezeit\" \/>\n\t<meta name=\"twitter:data1\" content=\"1\u00a0Minute\" \/>\n<script type=\"application\/ld+json\" class=\"yoast-schema-graph\">{\"@context\":\"https:\/\/schema.org\",\"@graph\":[{\"@type\":\"WebPage\",\"@id\":\"https:\/\/fsv-ottenbach.ch\/wordpress\/index.php\/start\/\",\"url\":\"https:\/\/fsv-ottenbach.ch\/wordpress\/index.php\/start\/\",\"name\":\"Aktuell - Feldsch\u00fctzenverein Ottenbach\",\"isPartOf\":{\"@id\":\"https:\/\/fsv-ottenbach.ch\/wordpress\/#website\"},\"primaryImageOfPage\":{\"@id\":\"https:\/\/fsv-ottenbach.ch\/wordpress\/index.php\/start\/#primaryimage\"},\"image\":{\"@id\":\"https:\/\/fsv-ottenbach.ch\/wordpress\/index.php\/start\/#primaryimage\"},\"thumbnailUrl\":\"https:\/\/fsv-ottenbach.ch\/wordpress\/wp-content\/uploads\/2025\/11\/20251101_124351-1024x577.jpg\",\"datePublished\":\"2025-08-28T12:21:18+00:00\",\"dateModified\":\"2025-11-04T17:04:50+00:00\",\"breadcrumb\":{\"@id\":\"https:\/\/fsv-ottenbach.ch\/wordpress\/index.php\/start\/#breadcrumb\"},\"inLanguage\":\"de-CH\",\"potentialAction\":[{\"@type\":\"ReadAction\",\"target\":[\"https:\/\/fsv-ottenbach.ch\/wordpress\/index.php\/start\/\"]}]},{\"@type\":\"ImageObject\",\"inLanguage\":\"de-CH\",\"@id\":\"https:\/\/fsv-ottenbach.ch\/wordpress\/index.php\/start\/#primaryimage\",\"url\":\"https:\/\/fsv-ottenbach.ch\/wordpress\/wp-content\/uploads\/2025\/11\/20251101_124351-scaled.jpg\",\"contentUrl\":\"https:\/\/fsv-ottenbach.ch\/wordpress\/wp-content\/uploads\/2025\/11\/20251101_124351-scaled.jpg\",\"width\":2560,\"height\":1442},{\"@type\":\"BreadcrumbList\",\"@id\":\"https:\/\/fsv-ottenbach.ch\/wordpress\/index.php\/start\/#breadcrumb\",\"itemListElement\":[{\"@type\":\"ListItem\",\"position\":1,\"name\":\"Startseite\",\"item\":\"https:\/\/fsv-ottenbach.ch\/wordpress\/\"},{\"@type\":\"ListItem\",\"position\":2,\"name\":\"Aktuell\"}]},{\"@type\":\"WebSite\",\"@id\":\"https:\/\/fsv-ottenbach.ch\/wordpress\/#website\",\"url\":\"https:\/\/fsv-ottenbach.ch\/wordpress\/\",\"name\":\"Feldsch\u00fctzenverein Ottenbach\",\"description\":\"\",\"potentialAction\":[{\"@type\":\"SearchAction\",\"target\":{\"@type\":\"EntryPoint\",\"urlTemplate\":\"https:\/\/fsv-ottenbach.ch\/wordpress\/?s={search_term_string}\"},\"query-input\":{\"@type\":\"PropertyValueSpecification\",\"valueRequired\":true,\"valueName\":\"search_term_string\"}}],\"inLanguage\":\"de-CH\"}]}<\/script>\n<!-- \/ Yoast SEO plugin. -->","yoast_head_json":{"title":"Aktuell - Feldsch\u00fctzenverein Ottenbach","robots":{"index":"index","follow":"follow","max-snippet":"max-snippet:-1","max-image-preview":"max-image-preview:large","max-video-preview":"max-video-preview:-1"},"canonical":"https:\/\/fsv-ottenbach.ch\/wordpress\/index.php\/start\/","og_locale":"de_DE","og_type":"article","og_title":"Aktuell - Feldsch\u00fctzenverein Ottenbach","og_url":"https:\/\/fsv-ottenbach.ch\/wordpress\/index.php\/start\/","og_site_name":"Feldsch\u00fctzenverein Ottenbach","article_modified_time":"2025-11-04T17:04:50+00:00","og_image":[{"width":2560,"height":1442,"url":"https:\/\/fsv-ottenbach.ch\/wordpress\/wp-content\/uploads\/2025\/11\/20251101_124351-scaled.jpg","type":"image\/jpeg"}],"twitter_card":"summary_large_image","twitter_misc":{"Gesch\u00e4tzte Lesezeit":"1\u00a0Minute"},"schema":{"@context":"https:\/\/schema.org","@graph":[{"@type":"WebPage","@id":"https:\/\/fsv-ottenbach.ch\/wordpress\/index.php\/start\/","url":"https:\/\/fsv-ottenbach.ch\/wordpress\/index.php\/start\/","name":"Aktuell - Feldsch\u00fctzenverein Ottenbach","isPartOf":{"@id":"https:\/\/fsv-ottenbach.ch\/wordpress\/#website"},"primaryImageOfPage":{"@id":"https:\/\/fsv-ottenbach.ch\/wordpress\/index.php\/start\/#primaryimage"},"image":{"@id":"https:\/\/fsv-ottenbach.ch\/wordpress\/index.php\/start\/#primaryimage"},"thumbnailUrl":"https:\/\/fsv-ottenbach.ch\/wordpress\/wp-content\/uploads\/2025\/11\/20251101_124351-1024x577.jpg","datePublished":"2025-08-28T12:21:18+00:00","dateModified":"2025-11-04T17:04:50+00:00","breadcrumb":{"@id":"https:\/\/fsv-ottenbach.ch\/wordpress\/index.php\/start\/#breadcrumb"},"inLanguage":"de-CH","potentialAction":[{"@type":"ReadAction","target":["https:\/\/fsv-ottenbach.ch\/wordpress\/index.php\/start\/"]}]},{"@type":"ImageObject","inLanguage":"de-CH","@id":"https:\/\/fsv-ottenbach.ch\/wordpress\/index.php\/start\/#primaryimage","url":"https:\/\/fsv-ottenbach.ch\/wordpress\/wp-content\/uploads\/2025\/11\/20251101_124351-scaled.jpg","contentUrl":"https:\/\/fsv-ottenbach.ch\/wordpress\/wp-content\/uploads\/2025\/11\/20251101_124351-scaled.jpg","width":2560,"height":1442},{"@type":"BreadcrumbList","@id":"https:\/\/fsv-ottenbach.ch\/wordpress\/index.php\/start\/#breadcrumb","itemListElement":[{"@type":"ListItem","position":1,"name":"Startseite","item":"https:\/\/fsv-ottenbach.ch\/wordpress\/"},{"@type":"ListItem","position":2,"name":"Aktuell"}]},{"@type":"WebSite","@id":"https:\/\/fsv-ottenbach.ch\/wordpress\/#website","url":"https:\/\/fsv-ottenbach.ch\/wordpress\/","name":"Feldsch\u00fctzenverein Ottenbach","description":"","potentialAction":[{"@type":"SearchAction","target":{"@type":"EntryPoint","urlTemplate":"https:\/\/fsv-ottenbach.ch\/wordpress\/?s={search_term_string}"},"query-input":{"@type":"PropertyValueSpecification","valueRequired":true,"valueName":"search_term_string"}}],"inLanguage":"de-CH"}]}},"_links":{"self":[{"href":"https:\/\/fsv-ottenbach.ch\/wordpress\/index.php\/wp-json\/wp\/v2\/pages\/61","targetHints":{"allow":["GET"]}}],"collection":[{"href":"https:\/\/fsv-ottenbach.ch\/wordpress\/index.php\/wp-json\/wp\/v2\/pages"}],"about":[{"href":"https:\/\/fsv-ottenbach.ch\/wordpress\/index.php\/wp-json\/wp\/v2\/types\/page"}],"author":[{"embeddable":true,"href":"https:\/\/fsv-ottenbach.ch\/wordpress\/index.php\/wp-json\/wp\/v2\/users\/2"}],"replies":[{"embeddable":true,"href":"https:\/\/fsv-ottenbach.ch\/wordpress\/index.php\/wp-json\/wp\/v2\/comments?post=61"}],"version-history":[{"count":76,"href":"https:\/\/fsv-ottenbach.ch\/wordpress\/index.php\/wp-json\/wp\/v2\/pages\/61\/revisions"}],"predecessor-version":[{"id":458,"href":"https:\/\/fsv-ottenbach.ch\/wordpress\/index.php\/wp-json\/wp\/v2\/pages\/61\/revisions\/458"}],"wp:attachment":[{"href":"https:\/\/fsv-ottenbach.ch\/wordpress\/index.php\/wp-json\/wp\/v2\/media?parent=61"}],"curies":[{"name":"wp","href":"https:\/\/api.w.org\/{rel}","templated":true}]}}