{"id":240,"date":"2025-08-28T14:35:09","date_gmt":"2025-08-28T14:35:09","guid":{"rendered":"https:\/\/fsv-ottenbach.ch\/wordpress\/?page_id=240"},"modified":"2025-08-31T13:36:14","modified_gmt":"2025-08-31T13:36:14","slug":"herzlich-willkommen-beim-fsv-ottenbach","status":"publish","type":"page","link":"https:\/\/fsv-ottenbach.ch\/wordpress\/","title":{"rendered":"Herzlich Willkommen beim FSV Ottenbach"},"content":{"rendered":"\t\t<div data-elementor-type=\"wp-page\" data-elementor-id=\"240\" class=\"elementor elementor-240\">\n\t\t\t\t<div class=\"elementor-element elementor-element-35bc95da e-flex e-con-boxed e-con e-parent\" data-id=\"35bc95da\" data-element_type=\"container\">\n\t\t\t\t\t<div class=\"e-con-inner\">\n\t\t\t\t<div class=\"elementor-element elementor-element-6d128ef3 elementor-widget elementor-widget-text-editor\" data-id=\"6d128ef3\" data-element_type=\"widget\" data-widget_type=\"text-editor.default\">\n\t\t\t\t<div class=\"elementor-widget-container\">\n\t\t\t\t\t\t\t\t\t\n<figure class=\"wp-block-image size-large\"><img fetchpriority=\"high\" decoding=\"async\" width=\"1024\" height=\"355\" class=\"wp-image-155\" src=\"https:\/\/fsv-ottenbach.ch\/wordpress\/wp-content\/uploads\/2025\/06\/1000111783-e1749129274365-1024x355.jpg\" alt=\"\" srcset=\"https:\/\/fsv-ottenbach.ch\/wordpress\/wp-content\/uploads\/2025\/06\/1000111783-e1749129274365-1024x355.jpg 1024w, https:\/\/fsv-ottenbach.ch\/wordpress\/wp-content\/uploads\/2025\/06\/1000111783-e1749129274365-300x104.jpg 300w, https:\/\/fsv-ottenbach.ch\/wordpress\/wp-content\/uploads\/2025\/06\/1000111783-e1749129274365-768x266.jpg 768w, https:\/\/fsv-ottenbach.ch\/wordpress\/wp-content\/uploads\/2025\/06\/1000111783-e1749129274365-1536x533.jpg 1536w, https:\/\/fsv-ottenbach.ch\/wordpress\/wp-content\/uploads\/2025\/06\/1000111783-e1749129274365.jpg 2030w\" sizes=\"(max-width: 1024px) 100vw, 1024px\" \/><\/figure>\n\n<p>\u00a0<\/p>\n\t\t\t\t\t\t\t\t<\/div>\n\t\t\t\t<\/div>\n\t\t\t\t\t<\/div>\n\t\t\t\t<\/div>\n\t\t<div class=\"elementor-element elementor-element-70b97c2 e-grid e-con-boxed e-con e-parent\" data-id=\"70b97c2\" data-element_type=\"container\">\n\t\t\t\t\t<div class=\"e-con-inner\">\n\t\t\t\t<div class=\"elementor-element elementor-element-f7b60ca elementor-widget elementor-widget-text-editor\" data-id=\"f7b60ca\" data-element_type=\"widget\" data-widget_type=\"text-editor.default\">\n\t\t\t\t<div class=\"elementor-widget-container\">\n\t\t\t\t\t\t\t\t\t<p>Der Feldsch\u00fctzenverein Ottenbach wurde im Jahr 1676 gegr\u00fcndet und ist seitdem ein wichtiger Bestandteil der Gemeinde. Urspr\u00fcnglich diente der Verein der Verteidigung, heute wird das Schiessen als Pr\u00e4zisionssport ausge\u00fcbt.<\/p>\n<p>Grossen Wert legen wir auf Sicherheit und den sachgem\u00e4ssen Umgang mit Schusswaffen. Ebenso wichtig ist uns die Kameradschaft \u2013 neben dem sportlichen Schiessen steht sie bei uns im Vordergrund. Wir besuchen gemeinsam verschiedene Sch\u00fctzenfeste und messen uns mit anderen Sch\u00fctzenkameraden. W\u00e4hrend der Saison f\u00fchren wir auch interne Schiesswettk\u00e4mpfe durch.<\/p>\n<p>Bei uns kann das Schiessen ab dem Alter von 10 Jahren erlernt werden. Falls Interesse besteht, bitten wir um eine vorg\u00e4ngige Kontaktaufnahme beim Pr\u00e4sidenten des FSVO.<\/p>\n<p>Unsere Trainings finden regelm\u00e4ssig Dienstags von 18:00 bis 20:00 Uhr, von Anfang April bis Ende September statt.<\/p>\n<p>\u00a0<\/p>\t\t\t\t\t\t\t\t<\/div>\n\t\t\t\t<\/div>\n\t\t\t\t\t<\/div>\n\t\t\t\t<\/div>\n\t\t\t\t<\/div>\n\t\t","protected":false},"excerpt":{"rendered":"<p>\u00a0 Der Feldsch\u00fctzenverein Ottenbach wurde im Jahr 1676 gegr\u00fcndet und ist seitdem ein wichtiger Bestandteil der Gemeinde. Urspr\u00fcnglich diente der Verein der Verteidigung, heute wird&#8230;<\/p>\n<div class=\"more-link-wrapper\"><a class=\"more-link\" href=\"https:\/\/fsv-ottenbach.ch\/wordpress\/\">Continue reading<span class=\"screen-reader-text\">Herzlich Willkommen beim FSV Ottenbach<\/span><\/a><\/div>\n","protected":false},"author":2,"featured_media":0,"parent":0,"menu_order":0,"comment_status":"closed","ping_status":"closed","template":"","meta":{"footnotes":""},"class_list":["post-240","page","type-page","status-publish","hentry","entry"],"yoast_head":"<!-- This site is optimized with the Yoast SEO plugin v25.8 - https:\/\/yoast.com\/wordpress\/plugins\/seo\/ -->\n<title>Herzlich Willkommen beim FSV Ottenbach - Feldsch\u00fctzenverein Ottenbach<\/title>\n<meta name=\"robots\" content=\"index, follow, max-snippet:-1, max-image-preview:large, max-video-preview:-1\" \/>\n<link rel=\"canonical\" href=\"https:\/\/fsv-ottenbach.ch\/wordpress\/\" \/>\n<meta property=\"og:locale\" content=\"de_DE\" \/>\n<meta property=\"og:type\" content=\"article\" \/>\n<meta property=\"og:title\" content=\"Herzlich Willkommen beim FSV Ottenbach - Feldsch\u00fctzenverein Ottenbach\" \/>\n<meta property=\"og:description\" content=\"\u00a0 Der Feldsch\u00fctzenverein Ottenbach wurde im Jahr 1676 gegr\u00fcndet und ist seitdem ein wichtiger Bestandteil der Gemeinde. Urspr\u00fcnglich diente der Verein der Verteidigung, heute wird&#8230;\" \/>\n<meta property=\"og:url\" content=\"https:\/\/fsv-ottenbach.ch\/wordpress\/\" \/>\n<meta property=\"og:site_name\" content=\"Feldsch\u00fctzenverein Ottenbach\" \/>\n<meta property=\"article:modified_time\" content=\"2025-08-31T13:36:14+00:00\" \/>\n<meta property=\"og:image\" content=\"https:\/\/fsv-ottenbach.ch\/wordpress\/wp-content\/uploads\/2025\/06\/1000111783-e1749129274365.jpg\" \/>\n\t<meta property=\"og:image:width\" content=\"2030\" \/>\n\t<meta property=\"og:image:height\" content=\"704\" \/>\n\t<meta property=\"og:image:type\" content=\"image\/jpeg\" \/>\n<meta name=\"twitter:card\" content=\"summary_large_image\" \/>\n<meta name=\"twitter:label1\" content=\"Gesch\u00e4tzte Lesezeit\" \/>\n\t<meta name=\"twitter:data1\" content=\"1\u00a0Minute\" \/>\n<script type=\"application\/ld+json\" class=\"yoast-schema-graph\">{\"@context\":\"https:\/\/schema.org\",\"@graph\":[{\"@type\":\"WebPage\",\"@id\":\"https:\/\/fsv-ottenbach.ch\/wordpress\/\",\"url\":\"https:\/\/fsv-ottenbach.ch\/wordpress\/\",\"name\":\"Herzlich Willkommen beim FSV Ottenbach - Feldsch\u00fctzenverein Ottenbach\",\"isPartOf\":{\"@id\":\"https:\/\/fsv-ottenbach.ch\/wordpress\/#website\"},\"primaryImageOfPage\":{\"@id\":\"https:\/\/fsv-ottenbach.ch\/wordpress\/#primaryimage\"},\"image\":{\"@id\":\"https:\/\/fsv-ottenbach.ch\/wordpress\/#primaryimage\"},\"thumbnailUrl\":\"https:\/\/fsv-ottenbach.ch\/wordpress\/wp-content\/uploads\/2025\/06\/1000111783-e1749129274365-1024x355.jpg\",\"datePublished\":\"2025-08-28T14:35:09+00:00\",\"dateModified\":\"2025-08-31T13:36:14+00:00\",\"breadcrumb\":{\"@id\":\"https:\/\/fsv-ottenbach.ch\/wordpress\/#breadcrumb\"},\"inLanguage\":\"de-CH\",\"potentialAction\":[{\"@type\":\"ReadAction\",\"target\":[\"https:\/\/fsv-ottenbach.ch\/wordpress\/\"]}]},{\"@type\":\"ImageObject\",\"inLanguage\":\"de-CH\",\"@id\":\"https:\/\/fsv-ottenbach.ch\/wordpress\/#primaryimage\",\"url\":\"https:\/\/fsv-ottenbach.ch\/wordpress\/wp-content\/uploads\/2025\/06\/1000111783-e1749129274365.jpg\",\"contentUrl\":\"https:\/\/fsv-ottenbach.ch\/wordpress\/wp-content\/uploads\/2025\/06\/1000111783-e1749129274365.jpg\",\"width\":2030,\"height\":704},{\"@type\":\"BreadcrumbList\",\"@id\":\"https:\/\/fsv-ottenbach.ch\/wordpress\/#breadcrumb\",\"itemListElement\":[{\"@type\":\"ListItem\",\"position\":1,\"name\":\"Startseite\",\"item\":\"https:\/\/fsv-ottenbach.ch\/wordpress\/\"},{\"@type\":\"ListItem\",\"position\":2,\"name\":\"Herzlich Willkommen beim FSV Ottenbach\"}]},{\"@type\":\"WebSite\",\"@id\":\"https:\/\/fsv-ottenbach.ch\/wordpress\/#website\",\"url\":\"https:\/\/fsv-ottenbach.ch\/wordpress\/\",\"name\":\"Feldsch\u00fctzenverein Ottenbach\",\"description\":\"\",\"potentialAction\":[{\"@type\":\"SearchAction\",\"target\":{\"@type\":\"EntryPoint\",\"urlTemplate\":\"https:\/\/fsv-ottenbach.ch\/wordpress\/?s={search_term_string}\"},\"query-input\":{\"@type\":\"PropertyValueSpecification\",\"valueRequired\":true,\"valueName\":\"search_term_string\"}}],\"inLanguage\":\"de-CH\"}]}<\/script>\n<!-- \/ Yoast SEO plugin. -->","yoast_head_json":{"title":"Herzlich Willkommen beim FSV Ottenbach - Feldsch\u00fctzenverein Ottenbach","robots":{"index":"index","follow":"follow","max-snippet":"max-snippet:-1","max-image-preview":"max-image-preview:large","max-video-preview":"max-video-preview:-1"},"canonical":"https:\/\/fsv-ottenbach.ch\/wordpress\/","og_locale":"de_DE","og_type":"article","og_title":"Herzlich Willkommen beim FSV Ottenbach - Feldsch\u00fctzenverein Ottenbach","og_description":"\u00a0 Der Feldsch\u00fctzenverein Ottenbach wurde im Jahr 1676 gegr\u00fcndet und ist seitdem ein wichtiger Bestandteil der Gemeinde. Urspr\u00fcnglich diente der Verein der Verteidigung, heute wird&#8230;","og_url":"https:\/\/fsv-ottenbach.ch\/wordpress\/","og_site_name":"Feldsch\u00fctzenverein Ottenbach","article_modified_time":"2025-08-31T13:36:14+00:00","og_image":[{"width":2030,"height":704,"url":"https:\/\/fsv-ottenbach.ch\/wordpress\/wp-content\/uploads\/2025\/06\/1000111783-e1749129274365.jpg","type":"image\/jpeg"}],"twitter_card":"summary_large_image","twitter_misc":{"Gesch\u00e4tzte Lesezeit":"1\u00a0Minute"},"schema":{"@context":"https:\/\/schema.org","@graph":[{"@type":"WebPage","@id":"https:\/\/fsv-ottenbach.ch\/wordpress\/","url":"https:\/\/fsv-ottenbach.ch\/wordpress\/","name":"Herzlich Willkommen beim FSV Ottenbach - Feldsch\u00fctzenverein Ottenbach","isPartOf":{"@id":"https:\/\/fsv-ottenbach.ch\/wordpress\/#website"},"primaryImageOfPage":{"@id":"https:\/\/fsv-ottenbach.ch\/wordpress\/#primaryimage"},"image":{"@id":"https:\/\/fsv-ottenbach.ch\/wordpress\/#primaryimage"},"thumbnailUrl":"https:\/\/fsv-ottenbach.ch\/wordpress\/wp-content\/uploads\/2025\/06\/1000111783-e1749129274365-1024x355.jpg","datePublished":"2025-08-28T14:35:09+00:00","dateModified":"2025-08-31T13:36:14+00:00","breadcrumb":{"@id":"https:\/\/fsv-ottenbach.ch\/wordpress\/#breadcrumb"},"inLanguage":"de-CH","potentialAction":[{"@type":"ReadAction","target":["https:\/\/fsv-ottenbach.ch\/wordpress\/"]}]},{"@type":"ImageObject","inLanguage":"de-CH","@id":"https:\/\/fsv-ottenbach.ch\/wordpress\/#primaryimage","url":"https:\/\/fsv-ottenbach.ch\/wordpress\/wp-content\/uploads\/2025\/06\/1000111783-e1749129274365.jpg","contentUrl":"https:\/\/fsv-ottenbach.ch\/wordpress\/wp-content\/uploads\/2025\/06\/1000111783-e1749129274365.jpg","width":2030,"height":704},{"@type":"BreadcrumbList","@id":"https:\/\/fsv-ottenbach.ch\/wordpress\/#breadcrumb","itemListElement":[{"@type":"ListItem","position":1,"name":"Startseite","item":"https:\/\/fsv-ottenbach.ch\/wordpress\/"},{"@type":"ListItem","position":2,"name":"Herzlich Willkommen beim FSV Ottenbach"}]},{"@type":"WebSite","@id":"https:\/\/fsv-ottenbach.ch\/wordpress\/#website","url":"https:\/\/fsv-ottenbach.ch\/wordpress\/","name":"Feldsch\u00fctzenverein Ottenbach","description":"","potentialAction":[{"@type":"SearchAction","target":{"@type":"EntryPoint","urlTemplate":"https:\/\/fsv-ottenbach.ch\/wordpress\/?s={search_term_string}"},"query-input":{"@type":"PropertyValueSpecification","valueRequired":true,"valueName":"search_term_string"}}],"inLanguage":"de-CH"}]}},"_links":{"self":[{"href":"https:\/\/fsv-ottenbach.ch\/wordpress\/index.php\/wp-json\/wp\/v2\/pages\/240","targetHints":{"allow":["GET"]}}],"collection":[{"href":"https:\/\/fsv-ottenbach.ch\/wordpress\/index.php\/wp-json\/wp\/v2\/pages"}],"about":[{"href":"https:\/\/fsv-ottenbach.ch\/wordpress\/index.php\/wp-json\/wp\/v2\/types\/page"}],"author":[{"embeddable":true,"href":"https:\/\/fsv-ottenbach.ch\/wordpress\/index.php\/wp-json\/wp\/v2\/users\/2"}],"replies":[{"embeddable":true,"href":"https:\/\/fsv-ottenbach.ch\/wordpress\/index.php\/wp-json\/wp\/v2\/comments?post=240"}],"version-history":[{"count":40,"href":"https:\/\/fsv-ottenbach.ch\/wordpress\/index.php\/wp-json\/wp\/v2\/pages\/240\/revisions"}],"predecessor-version":[{"id":418,"href":"https:\/\/fsv-ottenbach.ch\/wordpress\/index.php\/wp-json\/wp\/v2\/pages\/240\/revisions\/418"}],"wp:attachment":[{"href":"https:\/\/fsv-ottenbach.ch\/wordpress\/index.php\/wp-json\/wp\/v2\/media?parent=240"}],"curies":[{"name":"wp","href":"https:\/\/api.w.org\/{rel}","templated":true}]}}