{"id":11,"date":"2025-08-29T11:53:11","date_gmt":"2025-08-29T11:53:11","guid":{"rendered":"https:\/\/fsv-ottenbach.ch\/wordpress\/?page_id=11"},"modified":"2026-03-25T18:03:48","modified_gmt":"2026-03-25T18:03:48","slug":"kontakt","status":"publish","type":"page","link":"https:\/\/fsv-ottenbach.ch\/wordpress\/index.php\/kontakt\/","title":{"rendered":"Kontakt"},"content":{"rendered":"\t\t<div data-elementor-type=\"wp-page\" data-elementor-id=\"11\" class=\"elementor elementor-11\">\n\t\t\t\t<div class=\"elementor-element elementor-element-f966a4b e-flex e-con-boxed e-con e-parent\" data-id=\"f966a4b\" data-element_type=\"container\">\n\t\t\t\t\t<div class=\"e-con-inner\">\n\t\t\t\t<div class=\"elementor-element elementor-element-9044d36 elementor-widget__width-initial elementor-widget elementor-widget-text-editor\" data-id=\"9044d36\" data-element_type=\"widget\" data-widget_type=\"text-editor.default\">\n\t\t\t\t<div class=\"elementor-widget-container\">\n\t\t\t\t\t\t\t\t\t<div>\n<p><strong>Pr\u00e4sident<\/strong><\/p>\n<p><!-- \/wp:paragraph --><!-- wp:paragraph --><\/p>\n<p>Lucien Begert<\/p>\n<p>praesident[at]fsv-ottenbach.ch<\/p><p><b>Aktuarin<\/b><\/p><p>Jocelyne Peier<\/p>\n<\/div>\n<div>\n<p><!-- \/wp:paragraph --><\/p>\n<\/div>\n<p><!-- \/wp:group --><!-- wp:paragraph --><\/p>\n<p><!-- \/wp:paragraph --><!-- wp:group {\"layout\":{\"type\":\"flex\",\"orientation\":\"vertical\"}} --><\/p>\n<div>\n<p><!-- wp:paragraph --><\/p>\n<p><strong>Schiessaktuar<\/strong><\/p>\n<p>Silvio B\u00e4chli<\/p>\n<p><strong>Kassier<\/strong><\/p>\n<p>Peter Nyfeler<\/p>\n<p><strong>Hauptsch\u00fctzenmeisterin<\/strong><\/p>\n<p>S\u00e9raphine Peier<\/p>\n<p><strong>Jungsch\u00fctzenleiter<\/strong><\/p>\n<p>Derzeit vakant<\/p>\n<p><\/p>\n<\/div>\t\t\t\t\t\t\t\t<\/div>\n\t\t\t\t<\/div>\n\t\t\t\t\t<\/div>\n\t\t\t\t<\/div>\n\t\t\t\t<\/div>\n\t\t","protected":false},"excerpt":{"rendered":"<p>Pr\u00e4sident Lucien Begert praesident[at]fsv-ottenbach.ch Aktuarin Jocelyne Peier Schiessaktuar Silvio B\u00e4chli Kassier Peter Nyfeler Hauptsch\u00fctzenmeisterin S\u00e9raphine Peier Jungsch\u00fctzenleiter Derzeit vakant<\/p>\n","protected":false},"author":2,"featured_media":0,"parent":0,"menu_order":0,"comment_status":"closed","ping_status":"closed","template":"","meta":{"footnotes":""},"class_list":["post-11","page","type-page","status-publish","hentry","entry"],"yoast_head":"<!-- This site is optimized with the Yoast SEO plugin v25.8 - https:\/\/yoast.com\/wordpress\/plugins\/seo\/ -->\n<title>Kontakt - Feldsch\u00fctzenverein Ottenbach %<\/title>\n<meta name=\"description\" content=\"Pr\u00e4sident\" \/>\n<meta name=\"robots\" content=\"index, follow, max-snippet:-1, max-image-preview:large, max-video-preview:-1\" \/>\n<link rel=\"canonical\" href=\"https:\/\/fsv-ottenbach.ch\/wordpress\/index.php\/kontakt\/\" \/>\n<meta property=\"og:locale\" content=\"de_DE\" \/>\n<meta property=\"og:type\" content=\"article\" \/>\n<meta property=\"og:title\" content=\"Kontakt - Feldsch\u00fctzenverein Ottenbach %\" \/>\n<meta property=\"og:url\" content=\"https:\/\/fsv-ottenbach.ch\/wordpress\/index.php\/kontakt\/\" \/>\n<meta property=\"og:site_name\" content=\"Feldsch\u00fctzenverein Ottenbach\" \/>\n<meta property=\"article:modified_time\" content=\"2026-03-25T18:03:48+00:00\" \/>\n<meta name=\"twitter:card\" content=\"summary_large_image\" \/>\n<meta name=\"twitter:label1\" content=\"Gesch\u00e4tzte Lesezeit\" \/>\n\t<meta name=\"twitter:data1\" content=\"1\u00a0Minute\" \/>\n<script type=\"application\/ld+json\" class=\"yoast-schema-graph\">{\"@context\":\"https:\/\/schema.org\",\"@graph\":[{\"@type\":\"WebPage\",\"@id\":\"https:\/\/fsv-ottenbach.ch\/wordpress\/index.php\/kontakt\/\",\"url\":\"https:\/\/fsv-ottenbach.ch\/wordpress\/index.php\/kontakt\/\",\"name\":\"Kontakt - Feldsch\u00fctzenverein Ottenbach %\",\"isPartOf\":{\"@id\":\"https:\/\/fsv-ottenbach.ch\/wordpress\/#website\"},\"datePublished\":\"2025-08-29T11:53:11+00:00\",\"dateModified\":\"2026-03-25T18:03:48+00:00\",\"description\":\"Pr\u00e4sident\",\"breadcrumb\":{\"@id\":\"https:\/\/fsv-ottenbach.ch\/wordpress\/index.php\/kontakt\/#breadcrumb\"},\"inLanguage\":\"de-CH\",\"potentialAction\":[{\"@type\":\"ReadAction\",\"target\":[\"https:\/\/fsv-ottenbach.ch\/wordpress\/index.php\/kontakt\/\"]}]},{\"@type\":\"BreadcrumbList\",\"@id\":\"https:\/\/fsv-ottenbach.ch\/wordpress\/index.php\/kontakt\/#breadcrumb\",\"itemListElement\":[{\"@type\":\"ListItem\",\"position\":1,\"name\":\"Startseite\",\"item\":\"https:\/\/fsv-ottenbach.ch\/wordpress\/\"},{\"@type\":\"ListItem\",\"position\":2,\"name\":\"Kontakt\"}]},{\"@type\":\"WebSite\",\"@id\":\"https:\/\/fsv-ottenbach.ch\/wordpress\/#website\",\"url\":\"https:\/\/fsv-ottenbach.ch\/wordpress\/\",\"name\":\"Feldsch\u00fctzenverein Ottenbach\",\"description\":\"\",\"potentialAction\":[{\"@type\":\"SearchAction\",\"target\":{\"@type\":\"EntryPoint\",\"urlTemplate\":\"https:\/\/fsv-ottenbach.ch\/wordpress\/?s={search_term_string}\"},\"query-input\":{\"@type\":\"PropertyValueSpecification\",\"valueRequired\":true,\"valueName\":\"search_term_string\"}}],\"inLanguage\":\"de-CH\"}]}<\/script>\n<!-- \/ Yoast SEO plugin. -->","yoast_head_json":{"title":"Kontakt - Feldsch\u00fctzenverein Ottenbach %","description":"Pr\u00e4sident","robots":{"index":"index","follow":"follow","max-snippet":"max-snippet:-1","max-image-preview":"max-image-preview:large","max-video-preview":"max-video-preview:-1"},"canonical":"https:\/\/fsv-ottenbach.ch\/wordpress\/index.php\/kontakt\/","og_locale":"de_DE","og_type":"article","og_title":"Kontakt - Feldsch\u00fctzenverein Ottenbach %","og_url":"https:\/\/fsv-ottenbach.ch\/wordpress\/index.php\/kontakt\/","og_site_name":"Feldsch\u00fctzenverein Ottenbach","article_modified_time":"2026-03-25T18:03:48+00:00","twitter_card":"summary_large_image","twitter_misc":{"Gesch\u00e4tzte Lesezeit":"1\u00a0Minute"},"schema":{"@context":"https:\/\/schema.org","@graph":[{"@type":"WebPage","@id":"https:\/\/fsv-ottenbach.ch\/wordpress\/index.php\/kontakt\/","url":"https:\/\/fsv-ottenbach.ch\/wordpress\/index.php\/kontakt\/","name":"Kontakt - Feldsch\u00fctzenverein Ottenbach %","isPartOf":{"@id":"https:\/\/fsv-ottenbach.ch\/wordpress\/#website"},"datePublished":"2025-08-29T11:53:11+00:00","dateModified":"2026-03-25T18:03:48+00:00","description":"Pr\u00e4sident","breadcrumb":{"@id":"https:\/\/fsv-ottenbach.ch\/wordpress\/index.php\/kontakt\/#breadcrumb"},"inLanguage":"de-CH","potentialAction":[{"@type":"ReadAction","target":["https:\/\/fsv-ottenbach.ch\/wordpress\/index.php\/kontakt\/"]}]},{"@type":"BreadcrumbList","@id":"https:\/\/fsv-ottenbach.ch\/wordpress\/index.php\/kontakt\/#breadcrumb","itemListElement":[{"@type":"ListItem","position":1,"name":"Startseite","item":"https:\/\/fsv-ottenbach.ch\/wordpress\/"},{"@type":"ListItem","position":2,"name":"Kontakt"}]},{"@type":"WebSite","@id":"https:\/\/fsv-ottenbach.ch\/wordpress\/#website","url":"https:\/\/fsv-ottenbach.ch\/wordpress\/","name":"Feldsch\u00fctzenverein Ottenbach","description":"","potentialAction":[{"@type":"SearchAction","target":{"@type":"EntryPoint","urlTemplate":"https:\/\/fsv-ottenbach.ch\/wordpress\/?s={search_term_string}"},"query-input":{"@type":"PropertyValueSpecification","valueRequired":true,"valueName":"search_term_string"}}],"inLanguage":"de-CH"}]}},"_links":{"self":[{"href":"https:\/\/fsv-ottenbach.ch\/wordpress\/index.php\/wp-json\/wp\/v2\/pages\/11","targetHints":{"allow":["GET"]}}],"collection":[{"href":"https:\/\/fsv-ottenbach.ch\/wordpress\/index.php\/wp-json\/wp\/v2\/pages"}],"about":[{"href":"https:\/\/fsv-ottenbach.ch\/wordpress\/index.php\/wp-json\/wp\/v2\/types\/page"}],"author":[{"embeddable":true,"href":"https:\/\/fsv-ottenbach.ch\/wordpress\/index.php\/wp-json\/wp\/v2\/users\/2"}],"replies":[{"embeddable":true,"href":"https:\/\/fsv-ottenbach.ch\/wordpress\/index.php\/wp-json\/wp\/v2\/comments?post=11"}],"version-history":[{"count":36,"href":"https:\/\/fsv-ottenbach.ch\/wordpress\/index.php\/wp-json\/wp\/v2\/pages\/11\/revisions"}],"predecessor-version":[{"id":480,"href":"https:\/\/fsv-ottenbach.ch\/wordpress\/index.php\/wp-json\/wp\/v2\/pages\/11\/revisions\/480"}],"wp:attachment":[{"href":"https:\/\/fsv-ottenbach.ch\/wordpress\/index.php\/wp-json\/wp\/v2\/media?parent=11"}],"curies":[{"name":"wp","href":"https:\/\/api.w.org\/{rel}","templated":true}]}}